{"id":2438,"date":"2023-05-16T12:43:50","date_gmt":"2023-05-16T10:43:50","guid":{"rendered":"https:\/\/airport-taxi-transfer-bucharest.com\/?page_id=2438"},"modified":"2023-08-01T11:09:58","modified_gmt":"2023-08-01T09:09:58","slug":"return-policy","status":"publish","type":"page","link":"https:\/\/airport-taxi-transfer-bucharest.com\/ro\/return-policy\/","title":{"rendered":"Return Policy"},"content":{"rendered":"<h2>Politica de retur pentru AIRTTB.com<\/h2>\n<p>V\u0103 mul\u021bumim c\u0103 a\u021bi ales AIRTTB.com pentru serviciile de transport. Ne str\u0103duim s\u0103 v\u0103 oferim o experien\u021b\u0103 satisf\u0103c\u0103toare. Cu toate acestea, dac\u0103 dori\u021bi s\u0103 returna\u021bi sau s\u0103 solicita\u021bi o rambursare, v\u0103 rug\u0103m s\u0103 consulta\u021bi urm\u0103toarele ghiduri.<\/p>\n<h2>Return\u0103ri<\/h2>\n<p>Dac\u0103 dori\u021bi s\u0103 anula\u021bi sau s\u0103 returna\u021bi un serviciu de transport, v\u0103 rug\u0103m s\u0103 ne anun\u021ba\u021bi cu cel pu\u021bin 24 de ore \u00eenainte de ora programat\u0103 pentru preluare. \u00cen astfel de cazuri, v\u0103 vom returna suma integral\u0103 pl\u0103tit\u0103 pentru serviciu.<\/p>\n<h2>Ramburs\u0103ri<\/h2>\n<p>Odat\u0103 ce cererea de anulare sau returnare este primit\u0103 \u0219i aprobat\u0103, vom ini\u021bia procesul de rambursare. V\u0103 rug\u0103m s\u0103 re\u021bine\u021bi c\u0103 poate dura aproximativ 1 s\u0103pt\u0103m\u00e2n\u0103 pentru ca rambursarea s\u0103 fie procesat\u0103 \u0219i s\u0103 se reflecte \u00een contul dvs., \u00een func\u021bie de metoda de plat\u0103. \u00cen cazuri speciale, procesul de rambursare poate dura p\u00e2n\u0103 la maxim 30 de zile.<\/p>\n<h2>Schimburi<\/h2>\n<p>Deoarece serviciile de transport nu sunt \u00een mod obi\u0219nuit supuse schimburilor, v\u0103 \u00eencuraj\u0103m s\u0103 verifica\u021bi cu aten\u021bie detaliile rezerv\u0103rii \u00eenainte de a confirma. Dac\u0103 dori\u021bi s\u0103 efectua\u021bi modific\u0103ri sau ajust\u0103ri la rezervarea dvs., v\u0103 rug\u0103m s\u0103 contacta\u021bi echipa noastr\u0103 de asisten\u021b\u0103 pentru clien\u021bi, iar noi v\u0103 vom oferi asisten\u021b\u0103 \u00een consecin\u021b\u0103.<\/p>\n<h2>Contacta\u021bi-ne<\/h2>\n<p>Dac\u0103 ave\u021bi \u00eentreb\u0103ri sau nel\u0103muriri cu privire la politica noastr\u0103 de returnare sau ave\u021bi nevoie de asisten\u021b\u0103 \u00een leg\u0103tur\u0103 cu o cerere de returnare sau rambursare, v\u0103 rug\u0103m s\u0103 ne contacta\u021bi la adresa office@airttb.com. Echipa noastr\u0103 dedicat\u0103 de asisten\u021b\u0103 pentru clien\u021bi este aici pentru a v\u0103 ajuta \u0219i a v\u0103 oferi \u00eendrumare suplimentar\u0103.<\/p>\n<p>V\u0103 rug\u0103m s\u0103 re\u021bine\u021bi c\u0103 politica noastr\u0103 de returnare poate fi supus\u0103 unor termeni \u0219i condi\u021bii specifice legate de serviciile individuale de transport. Orice varia\u021bii ale acestei politici vor fi comunicate \u00een mod clar \u00een timpul procesului de rezervare.<\/p>","protected":false},"excerpt":{"rendered":"<p>Return Policy for AIRTTB.com Thank you for choosing AIRTTB.com for your transportation services. We strive to provide you with a<\/p>","protected":false},"author":1,"featured_media":0,"parent":0,"menu_order":0,"comment_status":"closed","ping_status":"closed","template":"","meta":[],"categories":[],"tags":[],"aioseo_notices":[],"_links":{"self":[{"href":"https:\/\/airport-taxi-transfer-bucharest.com\/ro\/wp-json\/wp\/v2\/pages\/2438"}],"collection":[{"href":"https:\/\/airport-taxi-transfer-bucharest.com\/ro\/wp-json\/wp\/v2\/pages"}],"about":[{"href":"https:\/\/airport-taxi-transfer-bucharest.com\/ro\/wp-json\/wp\/v2\/types\/page"}],"author":[{"embeddable":true,"href":"https:\/\/airport-taxi-transfer-bucharest.com\/ro\/wp-json\/wp\/v2\/users\/1"}],"replies":[{"embeddable":true,"href":"https:\/\/airport-taxi-transfer-bucharest.com\/ro\/wp-json\/wp\/v2\/comments?post=2438"}],"version-history":[{"count":1,"href":"https:\/\/airport-taxi-transfer-bucharest.com\/ro\/wp-json\/wp\/v2\/pages\/2438\/revisions"}],"predecessor-version":[{"id":2439,"href":"https:\/\/airport-taxi-transfer-bucharest.com\/ro\/wp-json\/wp\/v2\/pages\/2438\/revisions\/2439"}],"wp:attachment":[{"href":"https:\/\/airport-taxi-transfer-bucharest.com\/ro\/wp-json\/wp\/v2\/media?parent=2438"}],"wp:term":[{"taxonomy":"category","embeddable":true,"href":"https:\/\/airport-taxi-transfer-bucharest.com\/ro\/wp-json\/wp\/v2\/categories?post=2438"},{"taxonomy":"post_tag","embeddable":true,"href":"https:\/\/airport-taxi-transfer-bucharest.com\/ro\/wp-json\/wp\/v2\/tags?post=2438"}],"curies":[{"name":"wp","href":"https:\/\/api.w.org\/{rel}","templated":true}]}}