{"id":2245,"date":"2023-03-30T13:59:40","date_gmt":"2023-03-30T11:59:40","guid":{"rendered":"https:\/\/airport-taxi-transfer-bucharest.com\/?page_id=2245"},"modified":"2023-06-27T14:49:52","modified_gmt":"2023-06-27T12:49:52","slug":"top-attractions-in-oradea","status":"publish","type":"page","link":"https:\/\/airport-taxi-transfer-bucharest.com\/ro\/top-attractions-in-oradea\/","title":{"rendered":"Top 5 Atrac\u021bii din Oradea"},"content":{"rendered":"<p><h2>Top 5 Atrac\u021bii din Oradea<\/h2>\n<\/p>\n<p><a style=\"text-decoration: underline;\" href=\"https:\/\/airport-taxi-transfer-bucharest.com\/ro\/\"><\/p>\n<h1>Rezerva\u021bi un transfer pentru a vizita cele mai bune 5 atrac\u021bii din Oradea, Rom\u00e2nia.<\/h1>\n<p><\/a><br \/>\n<a href=\"https:\/\/airport-taxi-transfer-bucharest.com\/ro\/airport-transfer-bucharest\/the-oradea-fortress\/\" rel=\"nofollow\"><\/p>\n<h3>Cetatea Oradea<\/h3>\n<p>Una dintre cele mai bine conservate cet\u0103\u021bi din Transilvania, Cetatea Oradea, dateaz\u0103 din secolul al XII-lea \u0219i este o atrac\u021bie obligatorie pentru pasiona\u021bii de istorie. Cetatea dispune de un complex sistem de ziduri de ap\u0103rare, turnuri \u0219i tunele subterane pe care vizitatorii le pot explora. <strong>Cite\u0219te mai mult...<\/strong><\/p>\n<p><\/a> <\/p>\n<p>De-a lungul timpului, cetatea a fost reconstruit\u0103 de mai multe ori. <\/p>\n<p><img decoding=\"async\" src=\"https:\/\/airport-taxi-transfer-bucharest.com\/wp-content\/uploads\/2017\/01\/airport-transfer-bucharest-i18.jpg\" alt=\"airport-transfer-bucharest-i18\" \/><\/p>\n<h3>Palatul Vulturul Negru<\/h3>\n<p>Aceast\u0103 impresionant\u0103 cl\u0103dire a fost construit\u0103 la \u00eenceputul secolului al XX-lea \u0219i este unul dintre cele mai recunoscute puncte de reper din Oradea. Palatul Vulturul Negru prezint\u0103 o combina\u021bie de stiluri arhitecturale, inclusiv Art Nouveau \u0219i Baroc, \u0219i ad\u0103poste\u0219te mai multe institu\u021bii culturale, printre care \u0219i Muzeul de Art\u0103 Oradea.<\/p>\n<p><img decoding=\"async\" src=\"https:\/\/airport-taxi-transfer-bucharest.com\/wp-content\/uploads\/2017\/01\/airport-transfer-bucharest-i19.jpg\" alt=\"airport-transfer-bucharest-i19\" \/><\/p>\n<h3>Biserica cu Lun\u0103 - Principalele atrac\u021bii din Oradea<\/h3>\n<p>Cunoscut\u0103 oficial ca Biserica Sf\u00e2nta Maria, Biserica cu Lun\u0103 este una dintre cele mai unice \u0219i fascinante cl\u0103diri din Oradea. Biserica este renumit\u0103 pentru ceasul s\u0103u astronomic care arat\u0103 fazele lunii, precum \u0219i pentru frescele \u0219i vitraliile sale impresionante.<\/p>\n<p><img decoding=\"async\" src=\"https:\/\/airport-taxi-transfer-bucharest.com\/wp-content\/uploads\/2017\/01\/airport-transfer-bucharest-i20.jpg\" alt=\"airport-transfer-bucharest-i20\" \/><\/p>\n<h3>Top 5 Atrac\u021bii \u00een Oradea...<\/h3>\n<h3>Muzeul Ady Endre<\/h3>\n<p>Dedicat vie\u021bii \u0219i operelor poetului maghiar Ady Endre, acest muzeu se afl\u0103 \u00eentr-o cl\u0103dire istoric\u0103 din centrul Oradiei. Muzeul g\u0103zduie\u0219te o colec\u021bie de obiecte personale ale lui Ady, precum \u0219i manuscrise \u0219i prime edi\u021bii ale operelor sale.<\/p>\n<p><img decoding=\"async\" src=\"https:\/\/airport-taxi-transfer-bucharest.com\/wp-content\/uploads\/2017\/01\/airport-transfer-bucharest-i21.jpg\" alt=\"airport-transfer-bucharest-i21\" \/><\/p>\n<h3>Parcul Acvatic Nymphaea<\/h3>\n<p>Dac\u0103 c\u0103uta\u021bi o zi plin\u0103 de distrac\u021bie \u0219i aventur\u0103, nu c\u0103uta\u021bi mai departe dec\u00e2t Aquapark Nymphaea. Acest parc acvatic modern ofer\u0103 o varietate de piscine \u0219i tobogane pentru toate v\u00e2rstele, precum \u0219i un centru de wellness \u0219i spa pentru cei care doresc s\u0103 se relaxeze \u0219i s\u0103 se destind\u0103.<\/p>\n<p><img decoding=\"async\" src=\"https:\/\/airport-taxi-transfer-bucharest.com\/wp-content\/uploads\/2017\/01\/airport-transfer-bucharest-i23.png\" alt=\"airport-transfer-bucharest-i23 - Top Attractions in Oradea\" \/><\/p>\n<h3>Rezerva\u021bi acum transferul dumneavoastr\u0103 de la Aeroportul Bucure\u0219ti c\u0103tre Oradea.<\/h3>\n<p><img decoding=\"async\" src=\"https:\/\/airport-taxi-transfer-bucharest.com\/wp-content\/uploads\/2017\/01\/airport-transfer-bucharest-i22.jpg\" alt=\"airport-transfer-bucharest-i22\" \/><\/p>\n<p>Indiferent dac\u0103 vizita\u021bi Oradea \u00een scop de afaceri sau pentru pl\u0103cere, asigura\u021bi-v\u0103 c\u0103 rezerva\u021bi transferul dumneavoastr\u0103 de la Aeroportul Bucure\u0219ti c\u0103tre Oradea cu noi. Oferim servicii de transport fiabile \u0219i accesibile, care v\u0103 vor duce \u00een destina\u021bie \u00een siguran\u021b\u0103 \u0219i la timp. Contacta\u021bi-ne ast\u0103zi pentru a afla mai multe informa\u021bii.<\/p>\n<p><a href=\"https:\/\/www.facebook.com\/profile.php?id=100090725872031\" rel=\"nofollow\">D\u0103 un like la pagina noastr\u0103 Facebook<\/a><\/p>","protected":false},"excerpt":{"rendered":"<p>Top Attractions in Oradea Book a transfer to see the Top Attractions in Oradea, Romania Oradea Fortress One of the<\/p>","protected":false},"author":1,"featured_media":2256,"parent":0,"menu_order":0,"comment_status":"closed","ping_status":"closed","template":"","meta":[],"categories":[],"tags":[],"aioseo_notices":[],"_links":{"self":[{"href":"https:\/\/airport-taxi-transfer-bucharest.com\/ro\/wp-json\/wp\/v2\/pages\/2245"}],"collection":[{"href":"https:\/\/airport-taxi-transfer-bucharest.com\/ro\/wp-json\/wp\/v2\/pages"}],"about":[{"href":"https:\/\/airport-taxi-transfer-bucharest.com\/ro\/wp-json\/wp\/v2\/types\/page"}],"author":[{"embeddable":true,"href":"https:\/\/airport-taxi-transfer-bucharest.com\/ro\/wp-json\/wp\/v2\/users\/1"}],"replies":[{"embeddable":true,"href":"https:\/\/airport-taxi-transfer-bucharest.com\/ro\/wp-json\/wp\/v2\/comments?post=2245"}],"version-history":[{"count":14,"href":"https:\/\/airport-taxi-transfer-bucharest.com\/ro\/wp-json\/wp\/v2\/pages\/2245\/revisions"}],"predecessor-version":[{"id":2247,"href":"https:\/\/airport-taxi-transfer-bucharest.com\/ro\/wp-json\/wp\/v2\/pages\/2245\/revisions\/2247"}],"wp:featuredmedia":[{"embeddable":true,"href":"https:\/\/airport-taxi-transfer-bucharest.com\/ro\/wp-json\/wp\/v2\/media\/2256"}],"wp:attachment":[{"href":"https:\/\/airport-taxi-transfer-bucharest.com\/ro\/wp-json\/wp\/v2\/media?parent=2245"}],"wp:term":[{"taxonomy":"category","embeddable":true,"href":"https:\/\/airport-taxi-transfer-bucharest.com\/ro\/wp-json\/wp\/v2\/categories?post=2245"},{"taxonomy":"post_tag","embeddable":true,"href":"https:\/\/airport-taxi-transfer-bucharest.com\/ro\/wp-json\/wp\/v2\/tags?post=2245"}],"curies":[{"name":"wp","href":"https:\/\/api.w.org\/{rel}","templated":true}]}}