{"id":2209,"date":"2023-03-29T13:26:21","date_gmt":"2023-03-29T11:26:21","guid":{"rendered":"https:\/\/airport-taxi-transfer-bucharest.com\/?page_id=2209"},"modified":"2023-06-27T14:50:18","modified_gmt":"2023-06-27T12:50:18","slug":"top-attractions-in-cluj","status":"publish","type":"page","link":"https:\/\/airport-taxi-transfer-bucharest.com\/ro\/top-attractions-in-cluj\/","title":{"rendered":"Top 5 Atrac\u021bii \u00een Cluj"},"content":{"rendered":"<p><h2>Top 5 Atrac\u021bii \u00een Cluj<\/h2>\n<\/p>\n<p><a style=\"text-decoration: underline;\" href=\"https:\/\/airport-taxi-transfer-bucharest.com\/ro\/\"><\/p>\n<h1>Rezerva\u021bi un transfer pentru a vizita cele mai bune 5 atrac\u021bii din Cluj, Rom\u00e2nia.<\/h1>\n<p><\/a><\/p>\n<p>Cluj-Napoca, cunoscut\u0103 \u00een mod obi\u0219nuit ca Cluj, este unul dintre cele mai frumoase ora\u0219e din Rom\u00e2nia. Indiferent dac\u0103 e\u0219ti pasionat de istorie, iubitor de natur\u0103 sau entuziast al culturii, Cluj are ceva de oferit pentru fiecare. \u0218i cu serviciul de transfer de la aeroportul Bucure\u0219ti, po\u021bi ajunge cu u\u0219urin\u021b\u0103 de la \u0219i c\u0103tre aeroport pentru a \u00eencepe aventura ta \u00een Cluj.<\/p>\n<p><img decoding=\"async\" src=\"https:\/\/airport-taxi-transfer-bucharest.com\/wp-content\/uploads\/2017\/01\/airport-transfer-bucharest-i12.jpg\" alt=\"airport-transfer-bucharest-i12\" \/><\/p>\n<h3>Biserica Gotic\u0103 Sf\u00e2ntul Mihail<\/h3>\n<p>Unul dintre cele mai iconice puncte de reper din Cluj este Biserica Sf\u00e2ntul Mihail, o impresionant\u0103 construc\u021bie gotic\u0103 care domin\u0103 panorama ora\u0219ului. Construit\u0103 \u00een secolul al XIV-lea, biserica este cunoscut\u0103 pentru frumoasele sale vitralii, sculpturi intricate \u0219i arhitectur\u0103 impresionant\u0103. Vizitatorii pot urca \u00een v\u00e2rful turnului pentru a admira priveli\u0219ti uluitoare ale ora\u0219ului.<\/p>\n<p><img decoding=\"async\" src=\"https:\/\/airport-taxi-transfer-bucharest.com\/wp-content\/uploads\/2017\/01\/airport-transfer-bucharest-i13.jpg\" alt=\"airport-transfer-bucharest-i13\" \/><\/p>\n<h3>3. Gr\u0103dina Botanic\u0103 Cluj<\/h3>\n<p>O alt\u0103 atrac\u021bie de neratat \u00een Cluj este Gr\u0103dina Botanic\u0103, una dintre cele mai mari din Rom\u00e2nia. Gr\u0103dina ad\u0103poste\u0219te peste 10.000 de specii de plante \u0219i este un loc minunat pentru relaxare \u0219i destindere. Vizitatorii pot plimba prin vegeta\u021bia luxuriant\u0103, admira florile colorate \u0219i afla mai multe despre diferitele plante din \u00eentreaga lume.<\/p>\n<p><img decoding=\"async\" src=\"https:\/\/airport-taxi-transfer-bucharest.com\/wp-content\/uploads\/2017\/01\/airport-transfer-bucharest-i14.jpg\" alt=\"airport-transfer-bucharest-i14\" \/><\/p>\n<h2>Top 5 Atrac\u021bii \u00een Cluj...<\/h2>\n<h3>Mina de sare Turda<\/h3>\n<p>Mina de sare Turda este o atrac\u021bie unic\u0103 situat\u0103 \u00een apropiere de Cluj. De\u0219i mina a fost construit\u0103 ini\u021bial \u00een secolul al XVII-lea pentru extragerea s\u0103rii, a fost transformat\u0103 \u00eentr-un parc de distrac\u021bii subteran. Vizitatorii pot c\u0103l\u0103tori cu un Ferris wheel, juca mini-golf sau pur \u0219i simplu se pot bucura de peisajul subteran impresionant.<\/p>\n<p><img decoding=\"async\" src=\"https:\/\/airport-taxi-transfer-bucharest.com\/wp-content\/uploads\/2017\/01\/airport-transfer-bucharest-i15.jpg\" alt=\"airport-transfer-bucharest-i15-Top Attractions in Cluj\" \/><\/p>\n<h3>Muzeul de Art\u0103 Cluj-Napoca este, de asemenea, una dintre principalele atrac\u021bii din Cluj.<\/h3>\n<p>Iubitorii de art\u0103 nu vor vrea s\u0103 rateze Muzeul Na\u021bional de Art\u0103 din Cluj, care g\u0103zduie\u0219te o impresionant\u0103 colec\u021bie de art\u0103 rom\u00e2neasc\u0103 \u0219i european\u0103. Muzeul este amplasat \u00eentr-un frumos cl\u0103dire din secolul al XIX-lea \u0219i expune lucr\u0103ri ale unor arti\u0219ti faimo\u0219i precum Rembrandt, Rubens \u0219i Monet.<\/p>\n<p><img decoding=\"async\" src=\"https:\/\/airport-taxi-transfer-bucharest.com\/wp-content\/uploads\/2017\/01\/airport-transfer-bucharest-i16.jpg\" alt=\"airport-transfer-bucharest-i16\" \/><\/p>\n<h3>Statuia lui Matei Corvin<\/h3>\n<p>Un alt punct de reper iconic \u00een Cluj este statuia lui Matei Corvin, care omagiaz\u0103 faimosul rege maghiar n\u0103scut \u00een ora\u0219. Statuia este amplasat\u0103 \u00een inima Clujului \u0219i este un loc popular pentru a face fotografii \u0219i pentru a se bucura de atmosfera animat\u0103 a centrului ora\u0219ului.<\/p>\n<p><img decoding=\"async\" src=\"https:\/\/airport-taxi-transfer-bucharest.com\/wp-content\/uploads\/2017\/01\/airport-transfer-bucharest-i17.jpg\" alt=\"airport-transfer-bucharest-i17\" \/><\/p>\n<p>Cu at\u00e2t de multe lucruri de v\u0103zut \u0219i de f\u0103cut \u00een Cluj, nu este de mirare c\u0103 acesta devine o destina\u021bie popular\u0103 pentru c\u0103l\u0103tori. \u0218i cu Transfer Aeroport Bucure\u0219ti, ajungerea \u0219i plecarea de la aeroport nu a fost niciodat\u0103 mai u\u0219oar\u0103. <strong>Transfer Aeroport Bucure\u0219ti<\/strong>, getting to and from the airport has never been easier.<\/p>\n<p><a href=\"https:\/\/www.facebook.com\/profile.php?id=100090725872031\" rel=\"nofollow\">D\u0103 un like la pagina noastr\u0103 Facebook<\/a><\/p>","protected":false},"excerpt":{"rendered":"<p>Top Attractions in Cluj Book a transfer to see the Top Attractions in Cluj, Romania Cluj-Napoca, commonly known as Cluj,<\/p>","protected":false},"author":1,"featured_media":2221,"parent":0,"menu_order":0,"comment_status":"closed","ping_status":"closed","template":"","meta":[],"categories":[],"tags":[],"aioseo_notices":[],"_links":{"self":[{"href":"https:\/\/airport-taxi-transfer-bucharest.com\/ro\/wp-json\/wp\/v2\/pages\/2209"}],"collection":[{"href":"https:\/\/airport-taxi-transfer-bucharest.com\/ro\/wp-json\/wp\/v2\/pages"}],"about":[{"href":"https:\/\/airport-taxi-transfer-bucharest.com\/ro\/wp-json\/wp\/v2\/types\/page"}],"author":[{"embeddable":true,"href":"https:\/\/airport-taxi-transfer-bucharest.com\/ro\/wp-json\/wp\/v2\/users\/1"}],"replies":[{"embeddable":true,"href":"https:\/\/airport-taxi-transfer-bucharest.com\/ro\/wp-json\/wp\/v2\/comments?post=2209"}],"version-history":[{"count":17,"href":"https:\/\/airport-taxi-transfer-bucharest.com\/ro\/wp-json\/wp\/v2\/pages\/2209\/revisions"}],"predecessor-version":[{"id":2212,"href":"https:\/\/airport-taxi-transfer-bucharest.com\/ro\/wp-json\/wp\/v2\/pages\/2209\/revisions\/2212"}],"wp:featuredmedia":[{"embeddable":true,"href":"https:\/\/airport-taxi-transfer-bucharest.com\/ro\/wp-json\/wp\/v2\/media\/2221"}],"wp:attachment":[{"href":"https:\/\/airport-taxi-transfer-bucharest.com\/ro\/wp-json\/wp\/v2\/media?parent=2209"}],"wp:term":[{"taxonomy":"category","embeddable":true,"href":"https:\/\/airport-taxi-transfer-bucharest.com\/ro\/wp-json\/wp\/v2\/categories?post=2209"},{"taxonomy":"post_tag","embeddable":true,"href":"https:\/\/airport-taxi-transfer-bucharest.com\/ro\/wp-json\/wp\/v2\/tags?post=2209"}],"curies":[{"name":"wp","href":"https:\/\/api.w.org\/{rel}","templated":true}]}}