{"id":2195,"date":"2023-03-28T14:25:34","date_gmt":"2023-03-28T12:25:34","guid":{"rendered":"https:\/\/airport-taxi-transfer-bucharest.com\/?page_id=2195"},"modified":"2023-06-27T14:50:32","modified_gmt":"2023-06-27T12:50:32","slug":"top-attractions-in-deva","status":"publish","type":"page","link":"https:\/\/airport-taxi-transfer-bucharest.com\/ro\/top-attractions-in-deva\/","title":{"rendered":"Top 5 Atrac\u021bii \u00een Deva"},"content":{"rendered":"<p>Top 5 Atrac\u021bii \u00een Deva<\/p>\n<p><a style=\"text-decoration: underline;\" href=\"https:\/\/airport-taxi-transfer-bucharest.com\/ro\/\"><\/p>\n<h1>Rezerva\u021bi un transfer pentru a vizita cele mai bune 5 atrac\u021bii din Deva, Rom\u00e2nia.<\/h1>\n<p><\/a><\/p>\n<h3>Cetatea Deva<\/h3>\n<p>Cetatea Deva este un castel medieval situat pe o colin\u0103 vulcanic\u0103 \u00een ora\u0219ul Deva, Rom\u00e2nia. A fost construit \u00een secolul al XIII-lea \u0219i a fost renovat de mai multe ori de atunci. Cetatea ofer\u0103 o vedere spectaculoas\u0103 asupra ora\u0219ului \u0219i peisajului \u00eenconjur\u0103tor \u0219i este una dintre cele mai populare atrac\u021bii turistice din Deva. Dac\u0103 vizita\u021bi Deva \u0219i ave\u021bi nevoie de transfer de la aeroportul din Bucure\u0219ti, asigura\u021bi-v\u0103 c\u0103 verifica\u021bi serviciile noastre. <strong>airport transfer from Bucharest<\/strong>, be sure to check out our services.<\/p>\n<p><img decoding=\"async\" src=\"https:\/\/airport-taxi-transfer-bucharest.com\/wp-content\/uploads\/2017\/01\/airport-transfer-bucharest-i8.jpg\" alt=\"airport-transfer-bucharest-i8\" \/><\/p>\n<h3>Palatul Bethlen<\/h3>\n<p>Palatul Bethlen este un castel \u00een stil renascentist din secolul al XVI-lea, situat \u00een ora\u0219ul Deva. A fost construit de familia Bethlen \u0219i a fost restaurat \u0219i renovat de mai multe ori de-a lungul istoriei. \u00cen prezent, castelul ad\u0103poste\u0219te un muzeu care prezint\u0103 istoria \u0219i cultura regiunii. Nu rata\u021bi aceast\u0103 atrac\u021bie \u00een c\u0103l\u0103toria dvs. la Deva \u0219i rezerva\u021bi un transfer de la aeroportul din Bucure\u0219ti cu noi.<\/p>\n<p><img width=\"1000\"src=\"https:\/\/airport-taxi-transfer-bucharest.com\/wp-content\/uploads\/2017\/01\/airport-transfer-bucharest-i9.jpg\" alt=\"airport-transfer-bucharest-i9\" \/><\/p>\n<h3>Sinagoga din Deva<\/h3>\n<p>Sinagoga din Deva este o sinagog\u0103 evreiasc\u0103 istoric\u0103 situat\u0103 \u00een ora\u0219ul Deva. A fost construit\u0103 la \u00eenceputul secolului al XX-lea \u0219i a servit drept loc de \u00eenchinare pentru comunitatea evreiasc\u0103 local\u0103. \u00cen prezent, este un centru cultural care g\u0103zduie\u0219te diverse evenimente \u0219i expozi\u021bii pe tot parcursul anului. Dac\u0103 c\u0103l\u0103tori\u021bi \u00een Deva pentru un eveniment la sinagog\u0103, asigura\u021bi-v\u0103 c\u0103 rezerva\u021bi un transfer de la aeroportul din Bucure\u0219ti cu noi.<\/p>\n<p><img decoding=\"async\" width=\"1000\" src=\"https:\/\/airport-taxi-transfer-bucharest.com\/wp-content\/uploads\/2017\/01\/airport-transfer-bucharest-i10.jpg\" alt=\"airport-transfer-bucharest-i10\" \/><\/p>\n<h3>Gr\u0103dina Zoologic\u0103 Deva<\/h3>\n<p>Gr\u0103dina Zoologic\u0103 Deva este o atrac\u021bie popular\u0103 pentru familii \u0219i iubitorii de natur\u0103. Aici pute\u021bi vedea o mare varietate de animale, inclusiv lei, tigri, ur\u0219i \u0219i maimu\u021be. Gr\u0103dina zoologic\u0103 dispune \u0219i de o gr\u0103din\u0103 botanic\u0103 cu numeroase specii de plante. Dup\u0103 o zi petrecut\u0103 la gr\u0103dina zoologic\u0103, l\u0103sa\u021bi-ne s\u0103 ne ocup\u0103m de transferul dumneavoastr\u0103 de la aeroportul din Bucure\u0219ti, astfel \u00eenc\u00e2t s\u0103 v\u0103 pute\u021bi relaxa \u0219i s\u0103 v\u0103 bucura\u021bi de c\u0103l\u0103torie.<\/p>\n<p><img decoding=\"async\" width=\"1000\" src=\"https:\/\/airport-taxi-transfer-bucharest.com\/wp-content\/uploads\/2017\/01\/airport-transfer-bucharest-i11.jpg\" alt=\"airport-transfer-bucharest-i11\" \/><br \/>\n<a href=\"https:\/\/www.facebook.com\/profile.php?id=100090725872031\" rel=\"nofollow\">D\u0103 un like la pagina noastr\u0103 Facebook<\/a><\/p>","protected":false},"excerpt":{"rendered":"<p>Top Attractions in Deva Book a transfer to see the Top 5 Attractions in Deva, Romania Deva Fortress Deva Fortress<\/p>","protected":false},"author":1,"featured_media":2201,"parent":0,"menu_order":0,"comment_status":"closed","ping_status":"closed","template":"","meta":[],"categories":[],"tags":[],"aioseo_notices":[],"_links":{"self":[{"href":"https:\/\/airport-taxi-transfer-bucharest.com\/ro\/wp-json\/wp\/v2\/pages\/2195"}],"collection":[{"href":"https:\/\/airport-taxi-transfer-bucharest.com\/ro\/wp-json\/wp\/v2\/pages"}],"about":[{"href":"https:\/\/airport-taxi-transfer-bucharest.com\/ro\/wp-json\/wp\/v2\/types\/page"}],"author":[{"embeddable":true,"href":"https:\/\/airport-taxi-transfer-bucharest.com\/ro\/wp-json\/wp\/v2\/users\/1"}],"replies":[{"embeddable":true,"href":"https:\/\/airport-taxi-transfer-bucharest.com\/ro\/wp-json\/wp\/v2\/comments?post=2195"}],"version-history":[{"count":7,"href":"https:\/\/airport-taxi-transfer-bucharest.com\/ro\/wp-json\/wp\/v2\/pages\/2195\/revisions"}],"predecessor-version":[{"id":2202,"href":"https:\/\/airport-taxi-transfer-bucharest.com\/ro\/wp-json\/wp\/v2\/pages\/2195\/revisions\/2202"}],"wp:featuredmedia":[{"embeddable":true,"href":"https:\/\/airport-taxi-transfer-bucharest.com\/ro\/wp-json\/wp\/v2\/media\/2201"}],"wp:attachment":[{"href":"https:\/\/airport-taxi-transfer-bucharest.com\/ro\/wp-json\/wp\/v2\/media?parent=2195"}],"wp:term":[{"taxonomy":"category","embeddable":true,"href":"https:\/\/airport-taxi-transfer-bucharest.com\/ro\/wp-json\/wp\/v2\/categories?post=2195"},{"taxonomy":"post_tag","embeddable":true,"href":"https:\/\/airport-taxi-transfer-bucharest.com\/ro\/wp-json\/wp\/v2\/tags?post=2195"}],"curies":[{"name":"wp","href":"https:\/\/api.w.org\/{rel}","templated":true}]}}