{"id":2131,"date":"2023-03-23T10:04:58","date_gmt":"2023-03-23T08:04:58","guid":{"rendered":"https:\/\/airport-taxi-transfer-bucharest.com\/?page_id=2131"},"modified":"2023-06-27T14:47:19","modified_gmt":"2023-06-27T12:47:19","slug":"top-5-attractions-of-ramnicu-valcea","status":"publish","type":"page","link":"https:\/\/airport-taxi-transfer-bucharest.com\/ro\/top-5-attractions-of-ramnicu-valcea\/","title":{"rendered":"Top 5 Atrac\u021bii din R\u00e2mnicu V\u00e2lcea"},"content":{"rendered":"<p>Top 5 Atrac\u021bii din R\u00e2mnicu V\u00e2lcea<\/p>\n<p><a style=\"text-decoration: underline;\" href=\"https:\/\/airport-taxi-transfer-bucharest.com\/ro\/\"><\/p>\n<h1>Rezerva\u021bi un transfer pentru a vizita cele mai bune 5 atrac\u021bii din R\u00e2mnicu V\u00e2lcea, Rom\u00e2nia.<\/h1>\n<p><\/a><br \/>\n<img decoding=\"async\" src=\"https:\/\/airport-taxi-transfer-bucharest.com\/wp-content\/uploads\/2017\/01\/airport-transfer-bucharest-i6.jpg\" alt=\"airport-transfer-bucharest-i6\" \/><\/p>\n<h3>B\u0103ile Govora<\/h3>\n<p>B\u0103ile Govora este o sta\u021biune balneoclimateric\u0103 renumit\u0103 situat\u0103 \u00een partea de sud a R\u00e2mnicului V\u00e2lcea. Propriet\u0103\u021bile curative ale apelor minerale ale sta\u021biunii sunt cunoscute \u00eenc\u0103 din antichitate, iar ast\u0103zi sta\u021biunea ofer\u0103 o gam\u0103 variat\u0103 de tratamente \u0219i terapii pentru diverse afec\u021biuni medicale, inclusiv reumatism, afec\u021biuni respiratorii \u0219i afec\u021biuni ale pielii. Vizitatorii se pot bucura \u0219i de frumoasa natur\u0103 \u00eenconjur\u0103toare, cu parcuri, gr\u0103dini \u0219i p\u0103duri perfecte pentru drume\u021bii \u0219i relaxare.<\/p>\n<p><img decoding=\"async\" src=\"https:\/\/airport-taxi-transfer-bucharest.com\/wp-content\/uploads\/2017\/01\/airport-transfer-bucharest-i5.jpg\" alt=\"airport-transfer-bucharest-i5\" \/><\/p>\n<h3>M\u0103n\u0103stirea Cozia<\/h3>\n<p>M\u0103n\u0103stirea Cozia este o m\u0103n\u0103stire ortodox\u0103 impresionant\u0103 situat\u0103 \u00een regiunea pitoreasc\u0103 a R\u00e2mnicului V\u00e2lcea, Rom\u00e2nia. A fost fondat\u0103 \u00een secolul al XIV-lea de c\u0103tre Mircea cel B\u0103tr\u00e2n, domnitorul \u021a\u0103rii Rom\u00e2ne\u0219ti de atunci. M\u0103n\u0103stirea este amplasat\u0103 la poalele Mun\u021bilor Carpa\u021bi, cu vedere la r\u00e2ul Olt, \u0219i este considerat\u0103 una dintre principalele atrac\u021bii ale regiunii.<\/p>\n<p><img decoding=\"async\" src=\"https:\/\/airport-taxi-transfer-bucharest.com\/wp-content\/uploads\/2017\/01\/airport-transfer-bucharest-i3.jpg\" alt=\"airport-transfer-bucharest-i3\" \/><\/p>\n<p>Arhitectura M\u0103n\u0103stirii Cozia este o combina\u021bie de stiluri bizantine \u0219i gotice, av\u00e2nd o fa\u021bad\u0103 \u0219i un interior pictate impresionante. M\u0103n\u0103stirea este de asemenea renumit\u0103 pentru colec\u021bia sa impresionant\u0103 de obiecte de cult, inclusiv icoane pre\u021bioase, manuscrise \u0219i alte obiecte cu valoare istoric\u0103 \u0219i artistic\u0103. Vizitatorii pot participa la tururi ghidate ale m\u0103n\u0103stirii \u0219i pot afla mai multe despre bogata sa istorie \u0219i importan\u021b\u0103 cultural\u0103.<\/p>\n<p><img decoding=\"async\" src=\"https:\/\/airport-taxi-transfer-bucharest.com\/wp-content\/uploads\/2017\/01\/airport-transfer-bucharest-i4.jpg\" alt=\"airport-transfer-bucharest-i4\" \/><\/p>\n<h3>Parcul Na\u021bional Cozia<\/h3>\n<p>Situat \u00een inima Mun\u021bilor Carpa\u021bi, Parcul Na\u021bional Cozia este un paradis pentru iubitorii de natur\u0103 \u0219i pasiona\u021bii de activit\u0103\u021bi \u00een aer liber. Parcul acoper\u0103 peste 29.000 de hectare de p\u0103duri virgine, v\u0103i \u0219i v\u00e2rfuri, oferind priveli\u0219ti impresionante \u0219i o biodiversitate bogat\u0103. Vizitatorii pot explora parcul pe jos, cu bicicleta sau c\u0103lare \u0219i pot descoperi cascade ascunse, pe\u0219teri \u0219i obiective istorice, precum M\u0103n\u0103stirea Cozia, un sit al Patrimoniului Mondial UNESCO.<\/p>\n<p><img decoding=\"async\" src=\"https:\/\/airport-taxi-transfer-bucharest.com\/wp-content\/uploads\/2017\/01\/airport-transfer-bucharest-i2.jpg\" alt=\"airport-transfer-bucharest-i2\" \/><\/p>\n<h3>M\u0103n\u0103stirea Com\u0103neca<\/h3>\n<p>M\u0103n\u0103stirea Comanca, situat\u0103 \u00een apropiere de Ol\u0103ne\u0219ti, este o frumoas\u0103 m\u0103n\u0103stire ortodox\u0103 amplasat\u0103 \u00eentr-o vale pitoreasc\u0103 l\u00e2ng\u0103 R\u00e2mnicu V\u00e2lcea. Fondat\u0103 \u00een secolul al XVI-lea, m\u0103n\u0103stirea are o istorie bogat\u0103 \u0219i un patrimoniu cultural deosebit, cu fresce frumoase, icoane \u0219i obiecte religioase. Vizitatorii se pot bucura \u0219i de atmosfera lini\u0219tit\u0103 \u0219i senin\u0103 a m\u0103n\u0103stirii, \u00eenconjurat\u0103 de gr\u0103dini luxuriante \u0219i frumuse\u021be natural\u0103.<\/p>\n<p><img decoding=\"async\" src=\"https:\/\/airport-taxi-transfer-bucharest.com\/wp-content\/uploads\/2017\/01\/airport-transfer-bucharest-i1.png\" alt=\"airport-transfer-bucharest-i1\" \/><\/p>\n<h3>Muzeul Memorial Br\u00e2ncu\u0219i<\/h3>\n<p>Muzeul Memorial Br\u00e2ncu\u0219i este o institu\u021bie cultural\u0103 unic\u0103 dedicat\u0103 vie\u021bii \u0219i operei renumitului sculptor rom\u00e2n Constantin Br\u00e2ncu\u0219i. Situat \u00een ora\u0219ul s\u0103u natal Hobita, l\u00e2ng\u0103 R\u00e2mnicu V\u00e2lcea, muzeul expune o colec\u021bie impresionant\u0103 de sculpturi, desene \u0219i obiecte personale ale artistului, precum \u0219i expozi\u021bii \u0219i evenimente care celebreaz\u0103 mo\u0219tenirea \u0219i influen\u021ba sa asupra artei moderne.<\/p>\n<p><img decoding=\"async\" src=\"https:\/\/airport-taxi-transfer-bucharest.com\/wp-content\/uploads\/2017\/01\/airport-transfer-bucharest-i7.jpg\" alt=\"airport-transfer-bucharest-i7\" \/><br \/>\n<a href=\"https:\/\/www.facebook.com\/profile.php?id=100090725872031\" rel=\"nofollow\">Viziteaz\u0103 pagina noastr\u0103 de Facebook<\/a><\/p>","protected":false},"excerpt":{"rendered":"<p>Top 5 Attractions of Ramnicu Valcea Book a transfer to see the Top 5 Attractions in R\u00e2mnicu V\u00e2lcea, Romania B\u0103ile<\/p>","protected":false},"author":1,"featured_media":2136,"parent":0,"menu_order":0,"comment_status":"closed","ping_status":"closed","template":"","meta":[],"categories":[],"tags":[],"aioseo_notices":[],"_links":{"self":[{"href":"https:\/\/airport-taxi-transfer-bucharest.com\/ro\/wp-json\/wp\/v2\/pages\/2131"}],"collection":[{"href":"https:\/\/airport-taxi-transfer-bucharest.com\/ro\/wp-json\/wp\/v2\/pages"}],"about":[{"href":"https:\/\/airport-taxi-transfer-bucharest.com\/ro\/wp-json\/wp\/v2\/types\/page"}],"author":[{"embeddable":true,"href":"https:\/\/airport-taxi-transfer-bucharest.com\/ro\/wp-json\/wp\/v2\/users\/1"}],"replies":[{"embeddable":true,"href":"https:\/\/airport-taxi-transfer-bucharest.com\/ro\/wp-json\/wp\/v2\/comments?post=2131"}],"version-history":[{"count":11,"href":"https:\/\/airport-taxi-transfer-bucharest.com\/ro\/wp-json\/wp\/v2\/pages\/2131\/revisions"}],"predecessor-version":[{"id":2144,"href":"https:\/\/airport-taxi-transfer-bucharest.com\/ro\/wp-json\/wp\/v2\/pages\/2131\/revisions\/2144"}],"wp:featuredmedia":[{"embeddable":true,"href":"https:\/\/airport-taxi-transfer-bucharest.com\/ro\/wp-json\/wp\/v2\/media\/2136"}],"wp:attachment":[{"href":"https:\/\/airport-taxi-transfer-bucharest.com\/ro\/wp-json\/wp\/v2\/media?parent=2131"}],"wp:term":[{"taxonomy":"category","embeddable":true,"href":"https:\/\/airport-taxi-transfer-bucharest.com\/ro\/wp-json\/wp\/v2\/categories?post=2131"},{"taxonomy":"post_tag","embeddable":true,"href":"https:\/\/airport-taxi-transfer-bucharest.com\/ro\/wp-json\/wp\/v2\/tags?post=2131"}],"curies":[{"name":"wp","href":"https:\/\/api.w.org\/{rel}","templated":true}]}}