{"id":2117,"date":"2023-03-22T14:25:05","date_gmt":"2023-03-22T12:25:05","guid":{"rendered":"https:\/\/airport-taxi-transfer-bucharest.com\/?page_id=2117"},"modified":"2023-06-27T14:47:01","modified_gmt":"2023-06-27T12:47:01","slug":"top-5-attractions-in-targu-jiu","status":"publish","type":"page","link":"https:\/\/airport-taxi-transfer-bucharest.com\/ro\/top-5-attractions-in-targu-jiu\/","title":{"rendered":"Top 5 Atrac\u021bii din T\u00e2rgu Jiu"},"content":{"rendered":"<p>Top 5 Atrac\u021bii din T\u00e2rgu Jiu<\/p>\n<p>  <a style=\"text-decoration: underline;\" href=\"https:\/\/airport-taxi-transfer-bucharest.com\/ro\/\"><\/p>\n<h1>Rezerva\u021bi un transfer pentru a vizita cele mai bune 5 atrac\u021bii din T\u00e2rgu Jiu, Rom\u00e2nia.<\/h1>\n<p><\/a><\/p>\n<h3>Coloana Infinit\u0103<\/h3>\n<p>Coloana Infinit\u0103 este o capodoper\u0103 realizat\u0103 de faimosul sculptor rom\u00e2n Constantin Br\u00e2ncu\u0219i. Este o coloan\u0103 \u00eenalt\u0103 de 29 de metri, alc\u0103tuit\u0103 din 17 module romboidale suprapuse. A fost ridicat\u0103 \u00een anul 1938 ca un omagiu adus solda\u021bilor c\u0103zu\u021bi \u00een Primul R\u0103zboi Mondial din T\u00e2rgu Jiu. Coloana Infinit\u0103 este considerat\u0103 pe scar\u0103 larg\u0103 una dintre cele mai importante sculpturi ale secolului al XX-lea.<\/p>\n<p>  <img decoding=\"async\" src=\"https:\/\/airport-taxi-transfer-bucharest.com\/wp-content\/uploads\/2017\/01\/Targu-Jiu-The-Endless-Column-airport-transfer-bucharest.jpg\" alt=\"Targu-Jiu-The-Endless-Column-airport-transfer-bucharest\" \/><\/p>\n<h3>Masa T\u0103cerii<\/h3>\n<p>Masa T\u0103cerii este o alt\u0103 lucrare a lui Constantin Br\u00e2ncu\u0219i, situat\u0103 \u00een T\u00e2rgu Jiu. Este o mas\u0103 circular\u0103 din piatr\u0103, av\u00e2nd un diametru de 5 metri \u0219i este \u00eenconjurat\u0103 de 12 scaune \u00een form\u0103 de clepsidr\u0103. Aceast\u0103 oper\u0103 de art\u0103 reprezint\u0103 conceptul unui loc de adunare unde oamenii se \u00eent\u00e2lnesc pentru a discuta \u0219i lua decizii. De asemenea, a fost ridicat\u0103 ca un monument \u00een memoria solda\u021bilor c\u0103zu\u021bi \u00een Primul R\u0103zboi Mondial.<\/p>\n<p>  <img decoding=\"async\" src=\"https:\/\/airport-taxi-transfer-bucharest.com\/wp-content\/uploads\/2017\/01\/Targu-Jiu-The-Table-of-Silence-airport-transfer-bucharest.jpg\" alt=\"Targu-Jiu-The-Table-of-Silence-airport-transfer-bucharest\" \/><\/p>\n<h3>Poarta S\u0103rutului<\/h3>\n<p>Poarta S\u0103rutului este o sculptur\u0103 monumental\u0103 creat\u0103 de Constantin Br\u00e2ncu\u0219i \u00een anul 1938. Aceasta \u00eenf\u0103\u021bi\u0219eaz\u0103 dou\u0103 capete stilizate care se s\u0103rut\u0103, simboliz\u00e2nd \u00eent\u00e2lnirea a dou\u0103 suflete. Sculptura este realizat\u0103 din calcar \u0219i are o \u00een\u0103l\u021bime de 5 metri. Poarta S\u0103rutului este considerat\u0103 una dintre cele mai importante exemple de sculptur\u0103 modernist\u0103 din lume.<\/p>\n<p>  <img decoding=\"async\" src=\"https:\/\/airport-taxi-transfer-bucharest.com\/wp-content\/uploads\/2017\/01\/Targu-Jiu-The-Gate-of-The-Kiss-airport-transfer-bucharest.jpg\" alt=\"Targu-Jiu-The-Gate-of-The-Kiss-airport-transfer-bucharest\" \/><\/p>\n<h3>Parcul Br\u00e2ncu\u0219i<\/h3>\n<p>Parcul Br\u00e2ncu\u0219i este un parc public din T\u00e2rgu Jiu dedicat operelor lui Constantin Br\u00e2ncu\u0219i. Parcul include o colec\u021bie de sculpturi create de artist, printre care se num\u0103r\u0103 Coloana Infinitului, Masa T\u0103cerii \u0219i Poarta S\u0103rutului. Parcul este o destina\u021bie popular\u0103 pentru iubitorii de art\u0103 \u0219i turi\u0219tii care doresc s\u0103 experimenteze frumuse\u021bea operelor lui Br\u00e2ncu\u0219i \u00eentr-un mediu seren \u0219i natural.<\/p>\n<p> <img decoding=\"async\" src=\"https:\/\/airport-taxi-transfer-bucharest.com\/wp-content\/uploads\/2017\/01\/Targu-Jiu-The-Constantin-Brancusi-Park-airport-transfer-bucharest.jpg\" alt=\"Targu-Jiu-The-Constantin-Brancusi-Park-airport-transfer-bucharest\" \/><\/p>\n<h3>Muzeul Jude\u021bean Gorj<\/h3>\n<p>Muzeul Jude\u021bean Gorj este situat \u00een centrul ora\u0219ului T\u00e2rgu Jiu \u0219i prezint\u0103 istoria \u0219i cultura regiunii Gorj. Muzeul are o mare colec\u021bie de artefacte, inclusiv costume tradi\u021bionale, ceramici \u0219i arme. De asemenea, g\u0103zduie\u0219te o sec\u021biune dedicat\u0103 vie\u021bii \u0219i operelor lui Constantin Br\u00e2ncu\u0219i, cu mai multe dintre sculpturile sale expuse.<\/p>\n<p><img decoding=\"async\" src=\"https:\/\/airport-taxi-transfer-bucharest.com\/wp-content\/uploads\/2017\/01\/Targu-Jiu-The-Gory-County-Musem-airport-transfer-bucharest.jpg\" alt=\"Targu-Jiu-The-Gory-County-Musem-airport-transfer-bucharest\" \/><br \/>\n<a href=\"https:\/\/www.facebook.com\/profile.php?id=100090725872031\" rel=\"nofollow\">Viziteaz\u0103 pagina noastr\u0103 de Facebook<\/a><\/p>","protected":false},"excerpt":{"rendered":"<p>Top 5 Attractions in Targu Jiu Book a transfer to see the Top 5 Attractions in T\u0103rgu Jiu, Romania The<\/p>","protected":false},"author":1,"featured_media":2121,"parent":0,"menu_order":0,"comment_status":"closed","ping_status":"closed","template":"","meta":[],"categories":[],"tags":[],"aioseo_notices":[],"_links":{"self":[{"href":"https:\/\/airport-taxi-transfer-bucharest.com\/ro\/wp-json\/wp\/v2\/pages\/2117"}],"collection":[{"href":"https:\/\/airport-taxi-transfer-bucharest.com\/ro\/wp-json\/wp\/v2\/pages"}],"about":[{"href":"https:\/\/airport-taxi-transfer-bucharest.com\/ro\/wp-json\/wp\/v2\/types\/page"}],"author":[{"embeddable":true,"href":"https:\/\/airport-taxi-transfer-bucharest.com\/ro\/wp-json\/wp\/v2\/users\/1"}],"replies":[{"embeddable":true,"href":"https:\/\/airport-taxi-transfer-bucharest.com\/ro\/wp-json\/wp\/v2\/comments?post=2117"}],"version-history":[{"count":3,"href":"https:\/\/airport-taxi-transfer-bucharest.com\/ro\/wp-json\/wp\/v2\/pages\/2117\/revisions"}],"predecessor-version":[{"id":2125,"href":"https:\/\/airport-taxi-transfer-bucharest.com\/ro\/wp-json\/wp\/v2\/pages\/2117\/revisions\/2125"}],"wp:featuredmedia":[{"embeddable":true,"href":"https:\/\/airport-taxi-transfer-bucharest.com\/ro\/wp-json\/wp\/v2\/media\/2121"}],"wp:attachment":[{"href":"https:\/\/airport-taxi-transfer-bucharest.com\/ro\/wp-json\/wp\/v2\/media?parent=2117"}],"wp:term":[{"taxonomy":"category","embeddable":true,"href":"https:\/\/airport-taxi-transfer-bucharest.com\/ro\/wp-json\/wp\/v2\/categories?post=2117"},{"taxonomy":"post_tag","embeddable":true,"href":"https:\/\/airport-taxi-transfer-bucharest.com\/ro\/wp-json\/wp\/v2\/tags?post=2117"}],"curies":[{"name":"wp","href":"https:\/\/api.w.org\/{rel}","templated":true}]}}