{"id":2101,"date":"2023-03-22T10:03:03","date_gmt":"2023-03-22T08:03:03","guid":{"rendered":"https:\/\/airport-taxi-transfer-bucharest.com\/?page_id=2101"},"modified":"2023-06-27T14:46:47","modified_gmt":"2023-06-27T12:46:47","slug":"top-5-attractions-in-alba-iulia","status":"publish","type":"page","link":"https:\/\/airport-taxi-transfer-bucharest.com\/ro\/top-5-attractions-in-alba-iulia\/","title":{"rendered":"Top 5 Atrac\u021bii din Alba Iulia"},"content":{"rendered":"<p>Top 5 Atrac\u021bii din Alba Iulia<\/p>\n<p><a style=\"text-decoration: underline;\" href=\"https:\/\/airport-taxi-transfer-bucharest.com\/ro\/\"><\/p>\n<h1>Rezerva\u021bi un transfer pentru a vizita cele mai bune 5 atrac\u021bii din Alba Iulia, Rom\u00e2nia.<\/h1>\n<p><\/a><br \/>\n<img decoding=\"async\" src=\"https:\/\/airport-taxi-transfer-bucharest.com\/wp-content\/uploads\/2017\/01\/Alba-Iulia-airport-transfer-bucharest.jpg\" alt=\"Alba-Iulia-airport-transfer-bucharest\" \/><\/p>\n<p>\n    Alba Iulia este un ora\u0219 frumos \u0219i plin de istorie din Transilvania, Rom\u00e2nia. Iat\u0103 cele 5 atrac\u021bii de top pe care ar trebui s\u0103 le vizita\u021bi c\u00e2nd ajunge\u021bi \u00een ora\u0219.\n  <\/p>\n<h3>1. Cetatea Alba Carolina<\/h3>\n<p>\n    Cetatea Alba Carolina este o fort\u0103rea\u021b\u0103 \u00een form\u0103 de stea situat\u0103 \u00een inima Alba Iuliei. Construit\u0103 \u00een secolul al XVIII-lea, este una dintre cele mai mari \u0219i mai bine conservate cet\u0103\u021bi din Europa. Are multe caracteristici impresionante, inclusiv o pia\u021b\u0103 central\u0103, por\u021bi impresionante \u0219i o catedral\u0103 uimitoare.\n  <\/p>\n<p><img decoding=\"async\" src=\"https:\/\/airport-taxi-transfer-bucharest.com\/wp-content\/uploads\/2017\/01\/Alba-Iulia-Citadel-airport-transfer-bucharest.jpg\" alt=\"Alba-Iulia-Citadel-airport-transfer-bucharest\" \/><\/p>\n<h3>2. Muzeul Na\u021bional al Unirii<\/h3>\n<p>\n    Muzeul Na\u021bional al Unirii este situat \u00een interiorul Cet\u0103\u021bii Alba Carolina \u0219i este dedicat istoriei Transilvaniei. Acesta g\u0103zduie\u0219te numeroase exponate, inclusiv arme, armuri \u0219i artefacte din perioada medieval\u0103. Exist\u0103, de asemenea, o mare colec\u021bie de picturi, sculpturi \u0219i documente legate de istoria regiunii.\n  <\/p>\n<p><img decoding=\"async\" src=\"https:\/\/airport-taxi-transfer-bucharest.com\/wp-content\/uploads\/2017\/01\/Alba-Iulia-Union-National-Museum-airport-transfer-bucharest.jpg\" alt=\"Alba-Iulia-Union-National-Museum-airport-transfer-bucharest\" \/><\/p>\n<h2>Top 5 Atrac\u021bii din Alba Iulia<\/h2>\n<h3>3. Catedrala Romano-Catolic\u0103 Sf\u00e2ntul Mihail<\/h3>\n<p>\n    Catedrala Romano-Catolic\u0103 Sf\u00e2ntul Mihail este situat\u0103 \u00een Cetatea Alba Carolina \u0219i este una dintre cele mai frumoase biserici din Rom\u00e2nia. Construit\u0103 \u00een secolul al XIII-lea, are multe caracteristici impresionante, inclusiv o nav\u0103 gotic\u0103, un altar baroc \u0219i un turn de clopot frumos. De asemenea, ad\u0103poste\u0219te cel mai mare org\u0103 de \u021bevi din Transilvania.\n  <\/p>\n<p><img decoding=\"async\" src=\"https:\/\/airport-taxi-transfer-bucharest.com\/wp-content\/uploads\/2017\/01\/Alba-Iulia-St.-Michael-Roman-Catholic-Cathedral-airport-transfer-bucharest.jpg\" alt=\"Alba-Iulia-St.-Michael-Roman-Catholic-Cathedral-airport-transfer-bucharest-Top 5 Attractions in Alba Iulia\" \/><\/p>\n<h3>4. Sala Unirii - Top 5 Atrac\u021bii din Alba Iulia<\/h3>\n<p>\n    Sala Unirii este situat\u0103 \u00een Cetatea Alba Carolina \u0219i este locul \u00een care s-a semnat Unirea Transilvaniei cu Rom\u00e2nia \u00een anul 1918. Este o cl\u0103dire frumoas\u0103 cu o fresc\u0103 impresionant\u0103 care \u00eenf\u0103\u021bi\u0219eaz\u0103 unirea. Vizitatorii pot vedea sala \u00een care a avut loc semnarea \u0219i pot afla mai multe despre acest eveniment important \u00een istoria Rom\u00e2niei.\n  <\/p>\n<p><img decoding=\"async\" src=\"https:\/\/airport-taxi-transfer-bucharest.com\/wp-content\/uploads\/2017\/01\/Alba-Iulia-Union-Hall-airport-transfer-bucharest.jpg\" alt=\"Alba-Iulia-Union-Hall-airport-transfer-bucharest\" \/><\/p>\n<h3>5. Palatul Principilor<\/h3>\n<p>\n    Palatul Principilor este o cl\u0103dire istoric\u0103 situat\u0103 \u00een centrul ora\u0219ului Alba Iulia. Construit \u00een secolul al XVI-lea, a fost re\u0219edin\u021ba principilor Transilvaniei. Are multe caracteristici impresionante, inclusiv o curte frumoas\u0103, o scar\u0103 grandioas\u0103 \u0219i un muzeu cu exponate despre istoria palatului \u0219i a locuitorilor s\u0103i.\n  <\/p>\n<p><img decoding=\"async\" src=\"https:\/\/airport-taxi-transfer-bucharest.com\/wp-content\/uploads\/2017\/01\/Mihai-the-brave-statue-in-front-of-the-Princely-Palace-airport-transfer-bucharest.jpg\" alt=\"Mihai-the-brave-statue-in-front-of-the-Princely-Palace-airport-transfer-bucharest\" \/><br \/>\n<a href=\"https:\/\/www.facebook.com\/profile.php?id=100090725872031\" rel=\"nofollow\">D\u0103 un like la pagina noastr\u0103 Facebook<\/a><\/p>","protected":false},"excerpt":{"rendered":"<p>Top 5 Attractions in Alba Iulia. Book a transfer to see the Top 5 Attractions in Alba Iulia, Romania Alba<\/p>","protected":false},"author":1,"featured_media":2103,"parent":0,"menu_order":0,"comment_status":"closed","ping_status":"closed","template":"","meta":[],"categories":[],"tags":[],"aioseo_notices":[],"_links":{"self":[{"href":"https:\/\/airport-taxi-transfer-bucharest.com\/ro\/wp-json\/wp\/v2\/pages\/2101"}],"collection":[{"href":"https:\/\/airport-taxi-transfer-bucharest.com\/ro\/wp-json\/wp\/v2\/pages"}],"about":[{"href":"https:\/\/airport-taxi-transfer-bucharest.com\/ro\/wp-json\/wp\/v2\/types\/page"}],"author":[{"embeddable":true,"href":"https:\/\/airport-taxi-transfer-bucharest.com\/ro\/wp-json\/wp\/v2\/users\/1"}],"replies":[{"embeddable":true,"href":"https:\/\/airport-taxi-transfer-bucharest.com\/ro\/wp-json\/wp\/v2\/comments?post=2101"}],"version-history":[{"count":13,"href":"https:\/\/airport-taxi-transfer-bucharest.com\/ro\/wp-json\/wp\/v2\/pages\/2101\/revisions"}],"predecessor-version":[{"id":2105,"href":"https:\/\/airport-taxi-transfer-bucharest.com\/ro\/wp-json\/wp\/v2\/pages\/2101\/revisions\/2105"}],"wp:featuredmedia":[{"embeddable":true,"href":"https:\/\/airport-taxi-transfer-bucharest.com\/ro\/wp-json\/wp\/v2\/media\/2103"}],"wp:attachment":[{"href":"https:\/\/airport-taxi-transfer-bucharest.com\/ro\/wp-json\/wp\/v2\/media?parent=2101"}],"wp:term":[{"taxonomy":"category","embeddable":true,"href":"https:\/\/airport-taxi-transfer-bucharest.com\/ro\/wp-json\/wp\/v2\/categories?post=2101"},{"taxonomy":"post_tag","embeddable":true,"href":"https:\/\/airport-taxi-transfer-bucharest.com\/ro\/wp-json\/wp\/v2\/tags?post=2101"}],"curies":[{"name":"wp","href":"https:\/\/api.w.org\/{rel}","templated":true}]}}