{"id":2064,"date":"2023-03-21T12:55:23","date_gmt":"2023-03-21T10:55:23","guid":{"rendered":"https:\/\/airport-taxi-transfer-bucharest.com\/?page_id=2064"},"modified":"2023-06-27T14:41:12","modified_gmt":"2023-06-27T12:41:12","slug":"transportation-history-of-bucharest","status":"publish","type":"page","link":"https:\/\/airport-taxi-transfer-bucharest.com\/ro\/transportation-history-of-bucharest\/","title":{"rendered":"Istoria transportului \u00een Bucure\u0219ti."},"content":{"rendered":"<p>Istoria transportului \u00een Bucure\u0219ti.<\/p>\n<p><a style=\"text-decoration: underline;\" href=\"https:\/\/airport-taxi-transfer-bucharest.com\/ro\/\"><\/p>\n<h1>Rezerv\u0103 un transfer \u0219i simte evolu\u021bia transportului \u00een Rom\u00e2nia.<\/h1>\n<p><\/a><br \/>\n<img decoding=\"async\" src=\"https:\/\/airport-taxi-transfer-bucharest.com\/wp-content\/uploads\/2017\/01\/Airport-transfer-transportation-bucharest.jpg\" alt=\"Airport-transfer-transportation-bucharest\" \/><\/p>\n<h3>Introducere<\/h3>\n<p>Bucure\u0219tiul este ora\u0219ul capital\u0103 al Rom\u00e2niei \u0219i g\u0103zduie\u0219te peste 2 milioane de locuitori. Are o istorie bogat\u0103, care dateaz\u0103 de peste 500 de ani, iar transportul a jucat un rol vital \u00een dezvoltarea sa. De la primele zile ale tr\u0103surilor trase de cai p\u00e2n\u0103 la sistemul modern de metrou, sistemul de transport al Bucure\u0219tiului s-a dezvoltat semnificativ de-a lungul anilor. \u00cen acest articol, vom examina mai atent istoria transportului \u00een Bucure\u0219ti.<\/p>\n<h3>Primele mijloace de transport \u00een Bucure\u0219ti<\/h3>\n<p>\u00cenainte de apari\u021bia metodelor moderne de transport, oamenii din Bucure\u0219ti foloseau tr\u0103suri trase de cai ca mod principal de transport. Primul serviciu de tr\u0103suri tras de cai din Bucure\u0219ti a fost \u00eenfiin\u021bat \u00een secolul al XVIII-lea \u0219i a devenit rapid popular printre locuitorii boga\u021bi ai ora\u0219ului. \u00cen timp, utilizarea tr\u0103surilor trase de cai a devenit mai r\u0103sp\u00e2ndit\u0103 \u0219i au devenit modul principal de transport pentru majoritatea oamenilor din ora\u0219.<\/p>\n<p><img decoding=\"async\" src=\"https:\/\/airport-taxi-transfer-bucharest.com\/wp-content\/uploads\/2017\/01\/Carriage-Airport-transfer-bucharest.jpg\" alt=\"Carriage-Airport-transfer-bucharest\" \/><\/p>\n<p>\u00cen mijlocul secolului al XIX-lea, primul sistem de tramvaie a fost stabilit \u00een Bucure\u0219ti. Tramvaiul era propulsat de cai \u0219i era folosit \u00een principal pentru transportul de m\u0103rfuri \u0219i materiale \u00een ora\u0219. Cu toate acestea, nu a durat mult p\u00e2n\u0103 c\u00e2nd sistemul de tramvaie a fost extins pentru a include transportul de pasageri \u0219i a devenit rapid un mod popular de transport \u00een ora\u0219.<\/p>\n<p><img decoding=\"async\" src=\"https:\/\/airport-taxi-transfer-bucharest.com\/wp-content\/uploads\/2017\/01\/tramway-horses-airport-transfer-bucharest.png\" alt=\"tramway-horses-airport-transfer-bucharest\" \/><\/p>\n<h3>Ascensiunea transportului motorizat<\/h3>\n<p>La \u00eenceputul secolului al XX-lea, transportul motorizat a \u00eenceput s\u0103 apar\u0103 \u00een Bucure\u0219ti. Primul serviciu de autobuze motorizate a fost \u00eenfiin\u021bat \u00een ora\u0219 \u00een 1906 \u0219i a devenit rapid popular printre locuitori. Primele taxiuri motorizate \u0219i-au f\u0103cut apari\u021bia \u0219i ele \u00een aceea\u0219i perioad\u0103, devenind cur\u00e2nd o prezen\u021b\u0103 comun\u0103 pe str\u0103zile Bucure\u0219tiului.<\/p>\n<p><img decoding=\"async\" src=\"https:\/\/airport-taxi-transfer-bucharest.com\/wp-content\/uploads\/2017\/01\/primul-autobuz-airport-transfer-bucharest.png\" alt=\"primul-autobuz-airport-transfer-bucharest\" \/><\/p>\n<p>\u00cen 1926, s-a \u00eenfiin\u021bat primul sistem de tramvai electric \u00een Bucure\u0219ti. Noile tramvaie electrice erau mai rapide \u0219i mai eficiente dec\u00e2t cele trase de cai \u0219i au \u00eenlocuit rapid vechiul sistem de tramvai. Sistemul de tramvai electric a fost at\u00e2t de reu\u0219it \u00eenc\u00e2t a r\u0103mas \u00een uz \u00een Bucure\u0219ti p\u00e2n\u0103 \u00een 1978.<\/p>\n<p><img decoding=\"async\" src=\"https:\/\/airport-taxi-transfer-bucharest.com\/wp-content\/uploads\/2017\/01\/electric-tramway-airport-transfer-bucharest.jpg\" alt=\"electric-tramway-airport-transfer-bucharest\" \/><\/p>\n<p>\u00cen anii 1930, primele linii de troleibuz au fost \u00eenfiin\u021bate \u00een Bucure\u0219ti. Troleibuzele sunt autobuze care sunt alimentate de la cabluri electrice de deasupra, \u0219i au devenit rapid un mod popular de transport \u00een ora\u0219. P\u00e2n\u0103 \u00een anii 1950, troleibuzele \u00eenlocuiser\u0103 multe dintre autobuzele \u0219i tramvaiele mai vechi din ora\u0219.<\/p>\n<p><img decoding=\"async\" src=\"https:\/\/airport-taxi-transfer-bucharest.com\/wp-content\/uploads\/2017\/01\/electric-trolleybus-airport-transfer-bucharest.jpg\" alt=\"electric-trolleybus-airport-transfer-bucharest\" \/><\/p>\n<h3>Dezvoltarea sistemului de metrou<\/h3>\n<p>\u00cen anii 1960, s-au f\u0103cut planuri pentru construirea unui sistem de metrou \u00een Bucure\u0219ti. Construc\u021bia primei linii de metrou a \u00eenceput \u00een 1975 \u0219i a fost finalizat\u0103 \u00een 1979. Prima linie a sistemului de metrou din Bucure\u0219ti mergea de la Sem\u0103n\u0103toarea la Timpuri Noi, iar succesul a fost instantaneu. \u00cen urm\u0103torii ani, au fost ad\u0103ugate la sistem linii suplimentare de metrou, iar acesta a devenit rapid principalul mod de transport pentru mul\u021bi locuitori ai ora\u0219ului.<\/p>\n<p><img decoding=\"async\" src=\"https:\/\/airport-taxi-transfer-bucharest.com\/wp-content\/uploads\/2017\/01\/subway-train-graffiti-Airport-transfer-bucharest.jpg\" alt=\"subway-train-graffiti-Airport-transfer-bucharest\" \/><\/p>\n<p>Ast\u0103zi, sistemul de metrou din Bucure\u0219ti este unul dintre cele mai extinse \u0219i moderne sisteme de metrou din Europa. Este compus din patru linii \u0219i 51 de sta\u021bii \u0219i transport\u0103 peste 600.000 de pasageri \u00een fiecare zi. Sistemul de metrou a avut un rol vital \u00een dezvoltarea ora\u0219ului \u0219i a contribuit la rezolvarea multor probleme de transport care au afectat Bucure\u0219tiul \u00een trecut.<\/p>\n<h3>Concluzia<\/h3\n\n\n<p>\u00cen concluzie, transportul a jucat un rol critic \u00een dezvoltarea Bucure\u0219tiului pe parcursul istoriei sale bogate. De la primele zile ale tr\u0103surilor trase de cai p\u00e2n\u0103 la sistemul modern de metrou, metodele de transport s-au dezvoltat semnificativ \u00een ora\u0219. Ast\u0103zi, sistemul de metrou din Bucure\u0219ti este un simbol al progresului ora\u0219ului \u0219i este o parte esen\u021bial\u0103 a vie\u021bii de zi cu zi pentru mul\u021bi locuitori. \u00cen\u021belegerea istoriei transportului din Bucure\u0219ti ofer\u0103 o privire \u00een trecutul ora\u0219ului \u0219i ofer\u0103 o perspectiv\u0103 asupra dezvolt\u0103rii sale viitoare.<\/p>\n<p><a href=\"https:\/\/www.facebook.com\/profile.php?id=100090725872031\" rel=\"nofollow\">Viziteaz\u0103 pagina noastr\u0103 de Facebook<\/a><\/p>","protected":false},"excerpt":{"rendered":"<p>Transportation History of Bucharest. Book a transfer &#038; feel the evolution of transportation in Romania Introduction Bucharest is the capital<\/p>","protected":false},"author":1,"featured_media":2071,"parent":0,"menu_order":0,"comment_status":"closed","ping_status":"closed","template":"","meta":[],"categories":[],"tags":[],"aioseo_notices":[],"_links":{"self":[{"href":"https:\/\/airport-taxi-transfer-bucharest.com\/ro\/wp-json\/wp\/v2\/pages\/2064"}],"collection":[{"href":"https:\/\/airport-taxi-transfer-bucharest.com\/ro\/wp-json\/wp\/v2\/pages"}],"about":[{"href":"https:\/\/airport-taxi-transfer-bucharest.com\/ro\/wp-json\/wp\/v2\/types\/page"}],"author":[{"embeddable":true,"href":"https:\/\/airport-taxi-transfer-bucharest.com\/ro\/wp-json\/wp\/v2\/users\/1"}],"replies":[{"embeddable":true,"href":"https:\/\/airport-taxi-transfer-bucharest.com\/ro\/wp-json\/wp\/v2\/comments?post=2064"}],"version-history":[{"count":12,"href":"https:\/\/airport-taxi-transfer-bucharest.com\/ro\/wp-json\/wp\/v2\/pages\/2064\/revisions"}],"predecessor-version":[{"id":2067,"href":"https:\/\/airport-taxi-transfer-bucharest.com\/ro\/wp-json\/wp\/v2\/pages\/2064\/revisions\/2067"}],"wp:featuredmedia":[{"embeddable":true,"href":"https:\/\/airport-taxi-transfer-bucharest.com\/ro\/wp-json\/wp\/v2\/media\/2071"}],"wp:attachment":[{"href":"https:\/\/airport-taxi-transfer-bucharest.com\/ro\/wp-json\/wp\/v2\/media?parent=2064"}],"wp:term":[{"taxonomy":"category","embeddable":true,"href":"https:\/\/airport-taxi-transfer-bucharest.com\/ro\/wp-json\/wp\/v2\/categories?post=2064"},{"taxonomy":"post_tag","embeddable":true,"href":"https:\/\/airport-taxi-transfer-bucharest.com\/ro\/wp-json\/wp\/v2\/tags?post=2064"}],"curies":[{"name":"wp","href":"https:\/\/api.w.org\/{rel}","templated":true}]}}