{"id":2025,"date":"2023-03-20T11:24:23","date_gmt":"2023-03-20T09:24:23","guid":{"rendered":"https:\/\/airport-taxi-transfer-bucharest.com\/?page_id=2025"},"modified":"2023-06-27T14:45:21","modified_gmt":"2023-06-27T12:45:21","slug":"top-5-attractions-in-brasov","status":"publish","type":"page","link":"https:\/\/airport-taxi-transfer-bucharest.com\/ro\/top-5-attractions-in-brasov\/","title":{"rendered":"Top 5 Atrac\u021bii \u00een Bra\u0219ov"},"content":{"rendered":"<p>Top 5 Atrac\u021bii \u00een Bra\u0219ov<\/p>\n<p>  <a style=\"text-decoration: underline;\" href=\"https:\/\/airport-taxi-transfer-bucharest.com\/ro\/\"><\/p>\n<h1>Rezerva\u021bi un transfer pentru a vizita cele mai bune 5 atrac\u021bii din Bra\u0219ov, Rom\u00e2nia.<\/h1>\n<p><\/a><\/p>\n<h3>1. Castelul Bran<\/h3>\n<p>Castelul Bran este o cetate medieval\u0103 situat\u0103 la grani\u021ba dintre Transilvania \u0219i \u021aara Rom\u00e2neasc\u0103. A fost construit \u00een secolul al XIV-lea \u0219i este frecvent asociat cu legenda lui Dracula. Vizitatorii pot explora diversele camere \u0219i exponate ale castelului, inclusiv o colec\u021bie de arme \u0219i armuri medievale. Castelul ofer\u0103, de asemenea, o priveli\u0219te impresionant\u0103 asupra Mun\u021bilor Carpa\u021bi \u00eenconjur\u0103tori.<\/p>\n<p><img decoding=\"async\" src=\"https:\/\/airport-taxi-transfer-bucharest.com\/wp-content\/uploads\/2017\/01\/Bran-Castle-brasov-transfer-airport.jpg\" alt=\"Bran-Castle-brasov-transfer-airport\" \/><\/p>\n<h3>2. Biserica Neagr\u0103<\/h3>\n<p>Biserica Neagr\u0103 este o catedral\u0103 \u00een stil gotic situat\u0103 \u00een inima Vechiului Ora\u0219 din Bra\u0219ov. A fost construit\u0103 ini\u021bial \u00een secolul al XIV-lea, dar a suferit daune grave \u00een urma unui incendiu \u00een secolul al XVII-lea. Biserica a fost ulterior restaurat\u0103 \u0219i g\u0103zduie\u0219te acum o impresionant\u0103 colec\u021bie de covoare orientale \u0219i un valoros org\u0103 de tuburi.<\/p>\n<p><img decoding=\"async\" src=\"https:\/\/airport-taxi-transfer-bucharest.com\/wp-content\/uploads\/2017\/01\/Black-Church-Brasov-transfer-airport.jpg.jpg\" alt=\"Black-Church-Brasov-transfer-airport\" \/><\/p>\n<h3>3. Muntele T\u00e2mpa<\/h3>\n<p>Muntele T\u00e2mpa este o munte care ofer\u0103 o panoram\u0103 impresionant\u0103 asupra Bra\u0219ovului \u0219i ofer\u0103 priveli\u0219ti uluitoare ale ora\u0219ului \u0219i peisajului \u00eenconjur\u0103tor. Vizitatorii pot lua un teleferic p\u00e2n\u0103 \u00een v\u00e2rful muntelui sau pot urca pe una dintre numeroasele poteci care duc c\u0103tre v\u00e2rf. La v\u00e2rf se afl\u0103 un mic restaurant \u0219i o platform\u0103 de observare.<\/p>\n<p><img decoding=\"async\" src=\"https:\/\/airport-taxi-transfer-bucharest.com\/wp-content\/uploads\/2017\/01\/Mount-Tampa-Brasov-transfer-airport.jpg.jpg\" alt=\"Mount-Tampa-Brasov-transfer-airport\" \/><\/p>\n<h3>4. Pia\u021ba Sfatului<\/h3>\n<p>Pia\u021ba Sfatului este pia\u021ba principal\u0103 din Bra\u0219ov \u0219i este \u00eenconjurat\u0103 de cl\u0103diri baroce colorate \u0219i obiective istorice. Este un loc popular at\u00e2t pentru localnici, c\u00e2t \u0219i pentru turi\u0219ti \u0219i g\u0103zduie\u0219te mai multe restaurante, cafenele \u0219i magazine. Vizitatorii pot admira \u0219i Casa Sfatului, o cl\u0103dire medieval\u0103 care acum ad\u0103poste\u0219te Muzeul de Istorie Bra\u0219ov.<\/p>\n<p><img decoding=\"async\" src=\"https:\/\/airport-taxi-transfer-bucharest.com\/wp-content\/uploads\/2017\/01\/Council-Square-Brasov-transfer-airport.jpg.jpg\" alt=\"Council-Square-Brasov-transfer-airport\" \/><\/p>\n<h3>5. Strada Sforii<\/h3>\n<p>Strada Sforii este una dintre cele mai \u00eenguste str\u0103zi din Europa \u0219i se afl\u0103 \u00een inima Vechiului Ora\u0219 din Bra\u0219ov. M\u0103soar\u0103 doar 80 de centimetri \u00een cel mai \u00eengust punct \u0219i era folosit\u0103 \u00een trecut ca o scurt\u0103tur\u0103 de c\u0103tre pompieri. Ast\u0103zi, vizitatorii pot plimba pe aceast\u0103 uli\u021b\u0103 fermec\u0103toare \u0219i pot admira cl\u0103dirile istorice \u0219i fa\u021badele colorate.<\/p>\n<p><img decoding=\"async\" src=\"https:\/\/airport-taxi-transfer-bucharest.com\/wp-content\/uploads\/2017\/01\/Rope-Street-Brasov-transfer-airport.jpg.jpg\" alt=\"Rope-Street-Brasov-transfer-airport\" \/><br \/>\n<a href=\"https:\/\/www.facebook.com\/profile.php?id=100090725872031\" rel=\"nofollow\">Viziteaz\u0103 pagina noastr\u0103 de Facebook<\/a><\/p>","protected":false},"excerpt":{"rendered":"<p>Top 5 Attractions in Brasov Book a transfer to see the Top 5 Attractions in Brasov, Romania 1. Bran Castle<\/p>","protected":false},"author":1,"featured_media":2030,"parent":0,"menu_order":0,"comment_status":"closed","ping_status":"closed","template":"","meta":[],"categories":[25],"tags":[27],"aioseo_notices":[],"_links":{"self":[{"href":"https:\/\/airport-taxi-transfer-bucharest.com\/ro\/wp-json\/wp\/v2\/pages\/2025"}],"collection":[{"href":"https:\/\/airport-taxi-transfer-bucharest.com\/ro\/wp-json\/wp\/v2\/pages"}],"about":[{"href":"https:\/\/airport-taxi-transfer-bucharest.com\/ro\/wp-json\/wp\/v2\/types\/page"}],"author":[{"embeddable":true,"href":"https:\/\/airport-taxi-transfer-bucharest.com\/ro\/wp-json\/wp\/v2\/users\/1"}],"replies":[{"embeddable":true,"href":"https:\/\/airport-taxi-transfer-bucharest.com\/ro\/wp-json\/wp\/v2\/comments?post=2025"}],"version-history":[{"count":6,"href":"https:\/\/airport-taxi-transfer-bucharest.com\/ro\/wp-json\/wp\/v2\/pages\/2025\/revisions"}],"predecessor-version":[{"id":2037,"href":"https:\/\/airport-taxi-transfer-bucharest.com\/ro\/wp-json\/wp\/v2\/pages\/2025\/revisions\/2037"}],"wp:featuredmedia":[{"embeddable":true,"href":"https:\/\/airport-taxi-transfer-bucharest.com\/ro\/wp-json\/wp\/v2\/media\/2030"}],"wp:attachment":[{"href":"https:\/\/airport-taxi-transfer-bucharest.com\/ro\/wp-json\/wp\/v2\/media?parent=2025"}],"wp:term":[{"taxonomy":"category","embeddable":true,"href":"https:\/\/airport-taxi-transfer-bucharest.com\/ro\/wp-json\/wp\/v2\/categories?post=2025"},{"taxonomy":"post_tag","embeddable":true,"href":"https:\/\/airport-taxi-transfer-bucharest.com\/ro\/wp-json\/wp\/v2\/tags?post=2025"}],"curies":[{"name":"wp","href":"https:\/\/api.w.org\/{rel}","templated":true}]}}