{"id":1922,"date":"2023-03-13T16:09:02","date_gmt":"2023-03-13T14:09:02","guid":{"rendered":"https:\/\/airport-taxi-transfer-bucharest.com\/?page_id=1922"},"modified":"2023-06-29T15:31:53","modified_gmt":"2023-06-29T13:31:53","slug":"top-attracions-in-ploiesti","status":"publish","type":"page","link":"https:\/\/airport-taxi-transfer-bucharest.com\/ro\/top-attracions-in-ploiesti\/","title":{"rendered":"Top Attractions in Ploiesti"},"content":{"rendered":"<p>Top Attractions in Ploiesti &#8211; is a good choice for anyone who needs a ride to this beautiful city.<\/p>\n<h1>Descoper\u0103 atrac\u021biile turistice ale Ploie\u0219tiului<\/h1>\n<nav>\n<ul>\n<li><a href=\"#about\">Despre Ploie\u0219ti<\/a><\/li>\n<li><a href=\"#sights\">Top atrac\u021bii turistice<\/a><\/li>\n<li><a href=\"#contact\">Rezerv\u0103 un tur de o zi<\/a><\/li>\n<\/ul>\n<\/nav>\n<p>    <main><\/p>\n<section id=\"about\">\n<h2>Despre Ploie\u0219ti<\/h2>\n<p>Ploie\u0219ti este un ora\u0219 frumos situat \u00een inima Rom\u00e2niei, cunoscut pentru bogata sa istorie \u0219i cultur\u0103. Este o destina\u021bie popular\u0103 pentru turi\u0219tii care doresc s\u0103 experimenteze frumuse\u021bea Mun\u021bilor Carpa\u021bi, s\u0103 exploreze satele tradi\u021bionale rom\u00e2ne\u0219ti \u0219i s\u0103 se bucure de via\u021ba de noapte vibrant\u0103.<\/p>\n<p>            <img decoding=\"async\" src=\"https:\/\/airport-taxi-transfer-bucharest.com\/wp-content\/uploads\/2023\/03\/ploiesti-center-taxi-transfer-airport.jpg\" alt=\"Ploiesti city view\"><br \/>\n        <\/section>\n<section id=\"sights\">\n<h2>Top atrac\u021bii turistice \u00een Ploie\u0219ti<\/h2>\n<ul>\n<li>\n                    <a href=\"https:\/\/www.facebook.com\/muzbioph.ro\/\" rel=\"nofollow noopener\" target=\"_blank\"><\/p>\n<h3>Muzeul Petrolului din Ploie\u0219ti<\/h3>\n<p><\/a><br \/>\n                    <img width=\"914px\"src=\"https:\/\/airport-taxi-transfer-bucharest.com\/wp-content\/uploads\/2023\/03\/ploiesti-oil-museum-taxi-transfer-airport.jpg\" alt=\"Ploie\u0219ti Oil Museum\"><\/p>\n<p>Muzeul Petrolului din Ploie\u0219ti este o atrac\u021bie fascinant\u0103 care prezint\u0103 istoria produc\u021biei de petrol \u00een Rom\u00e2nia. Vizitatorii pot explora exponatele \u0219i pot \u00eenv\u0103\u021ba despre tehnicile utilizate pentru extragerea petrolului, precum \u0219i impactul industriei petroliere asupra economiei locale.<\/p>\n<\/li>\n<li>\n<h3>Muzeul Ceasului din Ploie\u0219ti<\/h3>\n<p>                    <img decoding=\"async\" width=\"914px\" src=\"https:\/\/airport-taxi-transfer-bucharest.com\/wp-content\/uploads\/2023\/03\/ploiesti-clock-museum-taxi-transfer-airport.jpg\" alt=\"Ploie\u0219ti Clock Museum\"><\/p>\n<p>Muzeul Ceasului din Ploie\u0219ti este o destina\u021bie obligatorie pentru oricine este interesat de orologerie. Muzeul g\u0103zduie\u0219te o vast\u0103 colec\u021bie de ceasuri \u0219i ceasuri de m\u00e2n\u0103 din diferite epoci, inclusiv piese antice \u0219i design-uri moderne. Vizitatorii pot, de asemenea, s\u0103 afle despre istoria cronometrajului \u0219i evolu\u021bia me\u0219te\u0219ugului de confec\u021bionare a ceasurilor.<\/p>\n<\/li>\n<li>\n<h3>Castelul Bethlen<\/h3>\n<p>                    <img decoding=\"async\" width=\"914px\" src=\"https:\/\/airport-taxi-transfer-bucharest.com\/wp-content\/uploads\/2023\/03\/ploiesti-bethlen-castle-taxi-transfer-airport.jpg\" alt=\"Bethlen Castle\"><\/p>\n<p>Castelul Bethlen este un palat magnific construit \u00een secolul al XVIII-lea, situat \u00een ora\u0219ul Raco\u0219ul de Jos, aproape de Ploie\u0219ti. Castelul este \u00eenconjurat de gr\u0103dini frumoase \u0219i ofer\u0103 priveli\u0219ti impresionante ale Mun\u021bilor Carpa\u021bi. Vizitatorii pot explora interiorul castelului \u0219i pot admira arhitectura sa impresionant\u0103.<\/p>\n<\/li>\n<\/ul>\n<\/section>\n<section id=\"contact\">\n<h2>Rezerv\u0103 un tur de o zi<\/h2>\n<p><a href=\"https:\/\/airport-taxi-transfer-bucharest.com\/ro\/day-tour\/\">Book a day tour and stop to visit them.<\/a><\/p>\n<h3>Dac\u0103 v\u0103 este foame: Alegerile de top din Ploie\u0219ti<\/h3>\n<p>Dac\u0103 v\u0103 sim\u021bi\u021bi \u00eenfometa\u021bi \u00een Ploie\u0219ti, sunte\u021bi norocos! Acest ora\u0219 rom\u00e2nesc este plin de op\u021biuni delicioase de m\u00e2ncare care vor satisface orice poft\u0103. Iat\u0103 c\u00e2teva dintre cele mai bune alegeri de luat \u00een considerare:<\/p>\n<h3>1. LaPlacinte<\/h3>\n<p>Pentru o gustare din buc\u0103t\u0103ria tradi\u021bional\u0103 moldoveneasc\u0103, merge\u021bi la LaPlacinte. Acest restaurant ofer\u0103 o varietate de placinte s\u0103rate \u0219i dulci umplute cu br\u00e2nz\u0103, carne, legume sau fructe. Por\u021biile sunt generoase, iar pre\u021burile sunt rezonabile.<\/p>\n<h3>2. Hanu&#8217; lui Manuc<\/h3>\n<p>Aflat \u00een centrul istoric al Ploie\u0219tiului, Hanu\u2019 lui Manuc este un loc popular at\u00e2t pentru localnici, c\u00e2t \u0219i pentru turi\u0219ti. Acest restaurant serve\u0219te preparate tradi\u021bionale rom\u00e2ne\u0219ti, cum ar fi sarmalele \u0219i micii. Atmosfera este confortabil\u0103 \u0219i rustic\u0103, cu o \u0219emineu \u0219i mobilier din lemn.<\/p>\n<h3>3. La Scoica<\/h3>\n<p>Pentru o mas\u0103 cu preparate din fructe de mare, vizita\u021bi La Scoica. Acest restaurant este specializat \u00een preparate cu pe\u0219te \u0219i fructe de mare, cum ar fi caracati\u021ba la gr\u0103tar, calamari pr\u0103ji\u021bi \u0219i sup\u0103 de fructe de mare. Ingredientele sunt proaspete \u0219i aromele sunt \u00eendr\u0103zne\u021be. Nu uita\u021bi s\u0103 \u00eencerca\u021bi p\u00e2inea f\u0103cut\u0103 \u00een cas\u0103 \u0219i uleiul de m\u0103sline.<\/p>\n<h3>4. Casa Ema<\/h3>\n<p>Casa Ema este un restaurant de familie care ofer\u0103 o combina\u021bie de buc\u0103t\u0103rie rom\u00e2neasc\u0103 \u0219i interna\u021bional\u0103. Meniul include preparate cum ar fi \u0219ni\u021belul, risotto \u0219i friptura de vit\u0103. Por\u021biile sunt generoase, iar serviciul este prietenos. Restaurantul are, de asemenea, o teras\u0103 cu o vedere frumoas\u0103 asupra ora\u0219ului.<\/p>\n<h3>5. Coffee Grind<\/h3>\n<p>Dac\u0103 sunte\u021bi \u00een c\u0103utarea unei gust\u0103ri rapide sau a unui dulce, verifica\u021bi Coffee Grind. Aceast\u0103 cafenea confortabil\u0103 serve\u0219te cafea, ceai, sandwich-uri \u0219i deserturi. Decorul este modern \u0219i colorat, iar clien\u021bii beneficiaz\u0103 de Wi-Fi gratuit. \u00cencerca\u021bi lattel caramel sau pr\u0103jitura velvet ro\u0219u.<br \/>\nIndiferent dac\u0103 sunte\u021bi \u00een mood pentru m\u00e2ncare tradi\u021bional\u0103 rom\u00e2neasc\u0103 sau pentru buc\u0103t\u0103rie interna\u021bional\u0103, Ploie\u0219ti are ceva pentru toat\u0103 lumea. Aceste alegeri de top sunt doar c\u00e2teva exemple ale diversit\u0103\u021bii culinare a ora\u0219ului. Poft\u0103 bun\u0103!<\/p>","protected":false},"excerpt":{"rendered":"<p>Top Attractions in Ploiesti &#8211; is a good choice for anyone who needs a ride to this beautiful city. Discover<\/p>","protected":false},"author":1,"featured_media":1930,"parent":0,"menu_order":0,"comment_status":"closed","ping_status":"closed","template":"","meta":[],"categories":[25],"tags":[27],"aioseo_notices":[],"_links":{"self":[{"href":"https:\/\/airport-taxi-transfer-bucharest.com\/ro\/wp-json\/wp\/v2\/pages\/1922"}],"collection":[{"href":"https:\/\/airport-taxi-transfer-bucharest.com\/ro\/wp-json\/wp\/v2\/pages"}],"about":[{"href":"https:\/\/airport-taxi-transfer-bucharest.com\/ro\/wp-json\/wp\/v2\/types\/page"}],"author":[{"embeddable":true,"href":"https:\/\/airport-taxi-transfer-bucharest.com\/ro\/wp-json\/wp\/v2\/users\/1"}],"replies":[{"embeddable":true,"href":"https:\/\/airport-taxi-transfer-bucharest.com\/ro\/wp-json\/wp\/v2\/comments?post=1922"}],"version-history":[{"count":21,"href":"https:\/\/airport-taxi-transfer-bucharest.com\/ro\/wp-json\/wp\/v2\/pages\/1922\/revisions"}],"predecessor-version":[{"id":2525,"href":"https:\/\/airport-taxi-transfer-bucharest.com\/ro\/wp-json\/wp\/v2\/pages\/1922\/revisions\/2525"}],"wp:featuredmedia":[{"embeddable":true,"href":"https:\/\/airport-taxi-transfer-bucharest.com\/ro\/wp-json\/wp\/v2\/media\/1930"}],"wp:attachment":[{"href":"https:\/\/airport-taxi-transfer-bucharest.com\/ro\/wp-json\/wp\/v2\/media?parent=1922"}],"wp:term":[{"taxonomy":"category","embeddable":true,"href":"https:\/\/airport-taxi-transfer-bucharest.com\/ro\/wp-json\/wp\/v2\/categories?post=1922"},{"taxonomy":"post_tag","embeddable":true,"href":"https:\/\/airport-taxi-transfer-bucharest.com\/ro\/wp-json\/wp\/v2\/tags?post=1922"}],"curies":[{"name":"wp","href":"https:\/\/api.w.org\/{rel}","templated":true}]}}