{"id":1600,"date":"2023-01-09T14:22:07","date_gmt":"2023-01-09T12:22:07","guid":{"rendered":"https:\/\/airport-taxi-transfer-bucharest.com\/?page_id=1600"},"modified":"2023-04-06T14:27:04","modified_gmt":"2023-04-06T12:27:04","slug":"top-tourist-attractions-between-bucharest-and-brasov","status":"publish","type":"page","link":"https:\/\/airport-taxi-transfer-bucharest.com\/ro\/top-tourist-attractions-between-bucharest-and-brasov\/","title":{"rendered":"Principalele atrac\u021bii turistice \u00eentre Bucure\u0219ti \u0219i Bra\u0219ov"},"content":{"rendered":"<div class=\"vc_row wpb_row vc_row-fluid\"><div class=\"wpb_column vc_column_container vc_col-sm-12\"><div class=\"vc_column-inner\"><div class=\"wpb_wrapper\">\n\t<div class=\"wpb_text_column wpb_content_element\" >\n\t\t<div class=\"wpb_wrapper\">\n\t\t\t<p><title>Top Tourist Attractions between Bucharest and Brasov<\/title><\/p>\n<h1>Principalele atrac\u021bii turistice \u00eentre Bucure\u0219ti \u0219i Bra\u0219ov<\/h1>\n\n\t\t<\/div>\n\t<\/div>\n<\/div><\/div><\/div><\/div><div class=\"vc_row wpb_row vc_row-fluid\"><div class=\"wpb_column vc_column_container vc_col-sm-12\"><div class=\"vc_column-inner\"><div class=\"wpb_wrapper\">\n\t<div class=\"wpb_text_column wpb_content_element\" >\n\t\t<div class=\"wpb_wrapper\">\n\t\t\t<h2>Castelul Bran<\/h2>\n<p>Cunoscut \u0219i sub numele de Castelul lui Dracula, Castelul Bran este un castel frumos \u0219i istoric situat \u00een Bran, Rom\u00e2nia. A fost construit \u00een secolul al XIV-lea \u0219i a fost folosit ca reziden\u021b\u0103 regal\u0103, baz\u0103 militar\u0103 \u0219i muzeu. Vizitatorii pot explora camerele castelului \u0219i pot \u00eenv\u0103\u021ba despre istoria sa.<\/p>\n\n\t\t<\/div>\n\t<\/div>\n\n\t<div class=\"wpb_text_column wpb_content_element\" >\n\t\t<div class=\"wpb_wrapper\">\n\t\t\t<p>\n<img decoding=\"async\" src=\"http:\/\/airport-taxi-transfer-bucharest.com\/wp-content\/uploads\/2017\/01\/castelul-bran-taxi-transfer-airport-1.jpg\" alt=\"Bran Castle\"><\/p>\n\n\t\t<\/div>\n\t<\/div>\n<\/div><\/div><\/div><\/div><div class=\"vc_row wpb_row vc_row-fluid\"><div class=\"wpb_column vc_column_container vc_col-sm-12\"><div class=\"vc_column-inner\"><div class=\"wpb_wrapper\">\n\t<div class=\"wpb_text_column wpb_content_element\" >\n\t\t<div class=\"wpb_wrapper\">\n\t\t\t<h2>Castelul Pele\u0219<\/h2>\n<p>Castelul Pele\u0219 este un castel frumos situat \u00een ora\u0219ul Sinaia, Rom\u00e2nia. A fost construit la sf\u00e2r\u0219itul secolului al XIX-lea \u0219i a servit ca reziden\u021b\u0103 de var\u0103 a familiei regale rom\u00e2ne. Castelul este cunoscut pentru arhitectura sa ornamentat\u0103 \u0219i gr\u0103dinile frumoase. Vizitatorii pot face turul castelului \u0219i pot \u00eenv\u0103\u021ba despre istoria sa.<\/p>\n\n\t\t<\/div>\n\t<\/div>\n\n\t<div class=\"wpb_text_column wpb_content_element\" >\n\t\t<div class=\"wpb_wrapper\">\n\t\t\t<p>\n    <img decoding=\"async\" src=\"http:\/\/airport-taxi-transfer-bucharest.com\/wp-content\/uploads\/2017\/01\/castelul-peles-taxi-transfer-airport.jpg\" alt=\"Peles Castle\"><\/p>\n\n\t\t<\/div>\n\t<\/div>\n<\/div><\/div><\/div><\/div><div class=\"vc_row wpb_row vc_row-fluid\"><div class=\"wpb_column vc_column_container vc_col-sm-12\"><div class=\"vc_column-inner\"><div class=\"wpb_wrapper\">\n\t<div class=\"wpb_text_column wpb_content_element\" >\n\t\t<div class=\"wpb_wrapper\">\n\t\t\t<h2>Cetatea R\u00e2\u0219nov<\/h2>\n<p>Cetatea R\u00e2\u0219nov este o fort\u0103rea\u021b\u0103 istoric\u0103 situat\u0103 \u00een R\u00e2\u0219nov, Rom\u00e2nia. A fost construit\u0103 \u00een secolul al XIII-lea \u0219i a servit ca o structur\u0103 defensiv\u0103 pentru ora\u0219. Fort\u0103rea\u021ba este acum o atrac\u021bie turistic\u0103 popular\u0103, oferind vederi impresionante asupra zonei \u00eenconjur\u0103toare \u0219i ocazia de a \u00eenv\u0103\u021ba despre istoria sa.<\/p>\n\n\t\t<\/div>\n\t<\/div>\n\n\t<div class=\"wpb_text_column wpb_content_element\" >\n\t\t<div class=\"wpb_wrapper\">\n\t\t\t<p>\n <img decoding=\"async\" src=\"http:\/\/airport-taxi-transfer-bucharest.com\/wp-content\/uploads\/2017\/01\/rasnov-fortress-taxi-transfer-airport-1.png\" alt=\"Rasnov Fortress\"><\/p>\n\n\t\t<\/div>\n\t<\/div>\n<\/div><\/div><\/div><\/div>","protected":false},"excerpt":{"rendered":"Top Tourist Attractions between Bucharest and Brasov Top Tourist Attractions between Bucharest and Brasov Bran Castle Also known as Dracula's","protected":false},"author":1,"featured_media":1670,"parent":0,"menu_order":0,"comment_status":"closed","ping_status":"closed","template":"","meta":[],"categories":[],"tags":[],"aioseo_notices":[],"_links":{"self":[{"href":"https:\/\/airport-taxi-transfer-bucharest.com\/ro\/wp-json\/wp\/v2\/pages\/1600"}],"collection":[{"href":"https:\/\/airport-taxi-transfer-bucharest.com\/ro\/wp-json\/wp\/v2\/pages"}],"about":[{"href":"https:\/\/airport-taxi-transfer-bucharest.com\/ro\/wp-json\/wp\/v2\/types\/page"}],"author":[{"embeddable":true,"href":"https:\/\/airport-taxi-transfer-bucharest.com\/ro\/wp-json\/wp\/v2\/users\/1"}],"replies":[{"embeddable":true,"href":"https:\/\/airport-taxi-transfer-bucharest.com\/ro\/wp-json\/wp\/v2\/comments?post=1600"}],"version-history":[{"count":23,"href":"https:\/\/airport-taxi-transfer-bucharest.com\/ro\/wp-json\/wp\/v2\/pages\/1600\/revisions"}],"predecessor-version":[{"id":1603,"href":"https:\/\/airport-taxi-transfer-bucharest.com\/ro\/wp-json\/wp\/v2\/pages\/1600\/revisions\/1603"}],"wp:featuredmedia":[{"embeddable":true,"href":"https:\/\/airport-taxi-transfer-bucharest.com\/ro\/wp-json\/wp\/v2\/media\/1670"}],"wp:attachment":[{"href":"https:\/\/airport-taxi-transfer-bucharest.com\/ro\/wp-json\/wp\/v2\/media?parent=1600"}],"wp:term":[{"taxonomy":"category","embeddable":true,"href":"https:\/\/airport-taxi-transfer-bucharest.com\/ro\/wp-json\/wp\/v2\/categories?post=1600"},{"taxonomy":"post_tag","embeddable":true,"href":"https:\/\/airport-taxi-transfer-bucharest.com\/ro\/wp-json\/wp\/v2\/tags?post=1600"}],"curies":[{"name":"wp","href":"https:\/\/api.w.org\/{rel}","templated":true}]}}